{"id":126,"date":"2023-06-16T14:44:08","date_gmt":"2023-06-16T14:44:08","guid":{"rendered":"https:\/\/slotcar-profis.de\/?page_id=126"},"modified":"2026-04-01T14:31:17","modified_gmt":"2026-04-01T14:31:17","slug":"aus-der-werkstatt","status":"publish","type":"page","link":"https:\/\/slotcar-profis.de\/index.php\/aus-der-werkstatt\/","title":{"rendered":"Aus der Werkstatt"},"content":{"rendered":"\n<p>Seit Sommer 2022 gibt es die Kraichgauer Modellbau Werkstatt. Eine uralte Werkstatt im Herzen des Kraichgaus erblickte erneut das Licht der Welt. Hier entstehen neue Kreationen, hier wird gebastelt und gewerkelt, was Zeit und Gesundheit erlauben.<\/p>\n\n\n\n<div class=\"wp-block-media-text alignwide is-stacked-on-mobile is-vertically-aligned-top\"><figure class=\"wp-block-media-text__media\"><img data-recalc-dims=\"1\" loading=\"lazy\" decoding=\"async\" width=\"780\" height=\"439\" src=\"https:\/\/i0.wp.com\/slotcar-profis.de\/wp-content\/uploads\/2023\/06\/IMG_2563.jpg?resize=780%2C439&#038;ssl=1\" alt=\"\" class=\"wp-image-127 size-full\" srcset=\"https:\/\/i0.wp.com\/slotcar-profis.de\/wp-content\/uploads\/2023\/06\/IMG_2563.jpg?resize=1024%2C576&amp;ssl=1 1024w, https:\/\/i0.wp.com\/slotcar-profis.de\/wp-content\/uploads\/2023\/06\/IMG_2563.jpg?resize=300%2C169&amp;ssl=1 300w, https:\/\/i0.wp.com\/slotcar-profis.de\/wp-content\/uploads\/2023\/06\/IMG_2563.jpg?resize=768%2C432&amp;ssl=1 768w, https:\/\/i0.wp.com\/slotcar-profis.de\/wp-content\/uploads\/2023\/06\/IMG_2563.jpg?resize=1536%2C864&amp;ssl=1 1536w, https:\/\/i0.wp.com\/slotcar-profis.de\/wp-content\/uploads\/2023\/06\/IMG_2563.jpg?resize=350%2C197&amp;ssl=1 350w, https:\/\/i0.wp.com\/slotcar-profis.de\/wp-content\/uploads\/2023\/06\/IMG_2563.jpg?resize=528%2C297&amp;ssl=1 528w, https:\/\/i0.wp.com\/slotcar-profis.de\/wp-content\/uploads\/2023\/06\/IMG_2563.jpg?resize=860%2C484&amp;ssl=1 860w, https:\/\/i0.wp.com\/slotcar-profis.de\/wp-content\/uploads\/2023\/06\/IMG_2563.jpg?resize=1320%2C743&amp;ssl=1 1320w, https:\/\/i0.wp.com\/slotcar-profis.de\/wp-content\/uploads\/2023\/06\/IMG_2563.jpg?resize=600%2C338&amp;ssl=1 600w, https:\/\/i0.wp.com\/slotcar-profis.de\/wp-content\/uploads\/2023\/06\/IMG_2563.jpg?w=1920&amp;ssl=1 1920w\" sizes=\"auto, (max-width: 780px) 100vw, 780px\" \/><\/figure><div class=\"wp-block-media-text__content\">\n<p>Das Geb\u00e4ude, in welchem unsere Modellbau Werkstatt beheimatet ist, stammt aus dem letzten Jahrtausend. Es hat schon vieles erlebt und wir bem\u00fchen uns, viele weitere angenehme Erfahrungen hinzuzuf\u00fcgen.<\/p>\n\n\n\n<p>Die alten Gem\u00e4uer bieten uns angenehme K\u00fchle an hei\u00dfen Sommertagen und frostige K\u00e4lte im Winter. Wir hoffen bald einen passenden Holzofen in Betrieb nehmen zu k\u00f6nnen, um auch diese Periode zuk\u00fcnftig besser zu \u00fcberstehen.<\/p>\n<\/div><\/div>\n\n\n\n<div class=\"wp-block-media-text alignwide has-media-on-the-right is-stacked-on-mobile is-vertically-aligned-top\"><div class=\"wp-block-media-text__content\">\n<p>Wie sch\u00f6n ist es zu sehen, dass man selbst nicht immer der faulste Mitarbeiter ist. Doch Vorsicht vor einem vorschnellen Urteil! Sobald sich jemand n\u00e4hert, ist unsere Luna hellwach und \u00fcbernimmt die Begr\u00fc\u00dfung und Leibesvisitation. Treu und gutm\u00fctig, liebenswert und allzeit bereit. Das sind die treffenden Attribute f\u00fcr unseren Schatz auf vier Pfoten. Danke f\u00fcr jeden gemeinsamen Moment!<\/p>\n<\/div><figure class=\"wp-block-media-text__media\"><img data-recalc-dims=\"1\" loading=\"lazy\" decoding=\"async\" width=\"780\" height=\"439\" src=\"https:\/\/i0.wp.com\/slotcar-profis.de\/wp-content\/uploads\/2023\/06\/IMG_2506.jpg?resize=780%2C439&#038;ssl=1\" alt=\"\" class=\"wp-image-128 size-full\" srcset=\"https:\/\/i0.wp.com\/slotcar-profis.de\/wp-content\/uploads\/2023\/06\/IMG_2506.jpg?resize=1024%2C576&amp;ssl=1 1024w, https:\/\/i0.wp.com\/slotcar-profis.de\/wp-content\/uploads\/2023\/06\/IMG_2506.jpg?resize=300%2C169&amp;ssl=1 300w, https:\/\/i0.wp.com\/slotcar-profis.de\/wp-content\/uploads\/2023\/06\/IMG_2506.jpg?resize=768%2C432&amp;ssl=1 768w, https:\/\/i0.wp.com\/slotcar-profis.de\/wp-content\/uploads\/2023\/06\/IMG_2506.jpg?resize=1536%2C864&amp;ssl=1 1536w, https:\/\/i0.wp.com\/slotcar-profis.de\/wp-content\/uploads\/2023\/06\/IMG_2506.jpg?resize=350%2C197&amp;ssl=1 350w, https:\/\/i0.wp.com\/slotcar-profis.de\/wp-content\/uploads\/2023\/06\/IMG_2506.jpg?resize=528%2C297&amp;ssl=1 528w, https:\/\/i0.wp.com\/slotcar-profis.de\/wp-content\/uploads\/2023\/06\/IMG_2506.jpg?resize=860%2C484&amp;ssl=1 860w, https:\/\/i0.wp.com\/slotcar-profis.de\/wp-content\/uploads\/2023\/06\/IMG_2506.jpg?resize=1320%2C743&amp;ssl=1 1320w, https:\/\/i0.wp.com\/slotcar-profis.de\/wp-content\/uploads\/2023\/06\/IMG_2506.jpg?resize=600%2C338&amp;ssl=1 600w, https:\/\/i0.wp.com\/slotcar-profis.de\/wp-content\/uploads\/2023\/06\/IMG_2506.jpg?w=1920&amp;ssl=1 1920w\" sizes=\"auto, (max-width: 780px) 100vw, 780px\" \/><\/figure><\/div>\n","protected":false},"excerpt":{"rendered":"<p>Seit Sommer 2022 gibt es die Kraichgauer Modellbau Werkstatt. Eine uralte Werkstatt im Herzen des Kraichgaus erblickte erneut das Licht der Welt. Hier entstehen neue Kreationen, hier wird gebastelt und <a class=\"more-link\" href=\"https:\/\/slotcar-profis.de\/index.php\/aus-der-werkstatt\/\">weiterlesen&#8230;<\/a><\/p>\n","protected":false},"author":1,"featured_media":0,"parent":0,"menu_order":0,"comment_status":"closed","ping_status":"closed","template":"","meta":{"footnotes":""},"class_list":["post-126","page","type-page","status-publish","hentry"],"yoast_head":"<!-- This site is optimized with the Yoast SEO plugin v27.3 - https:\/\/yoast.com\/product\/yoast-seo-wordpress\/ -->\n<title>Aus der Werkstatt - Kraichgauer Modellbau Werkstatt<\/title>\n<meta name=\"description\" content=\"Seit Sommer 2022 gibt es die Kraichgauer Modellbau Werkstatt. Eine Jahrhundertalte Werkstatt erblickte erneut das Licht der Welt.\" \/>\n<meta name=\"robots\" content=\"index, follow, max-snippet:-1, max-image-preview:large, max-video-preview:-1\" \/>\n<link rel=\"canonical\" href=\"https:\/\/slotcar-profis.de\/index.php\/aus-der-werkstatt\/\" \/>\n<meta property=\"og:locale\" content=\"de_DE\" \/>\n<meta property=\"og:type\" content=\"article\" \/>\n<meta property=\"og:title\" content=\"Aus der Werkstatt - Kraichgauer Modellbau Werkstatt\" \/>\n<meta property=\"og:description\" content=\"Seit Sommer 2022 gibt es die Kraichgauer Modellbau Werkstatt. Eine Jahrhundertalte Werkstatt erblickte erneut das Licht der Welt.\" \/>\n<meta property=\"og:url\" content=\"https:\/\/slotcar-profis.de\/index.php\/aus-der-werkstatt\/\" \/>\n<meta property=\"og:site_name\" content=\"Kraichgauer Modellbau Werkstatt\" \/>\n<meta property=\"article:modified_time\" content=\"2026-04-01T14:31:17+00:00\" \/>\n<meta property=\"og:image\" content=\"https:\/\/slotcar-profis.de\/wp-content\/uploads\/2023\/06\/IMG_2563-1024x576.jpg\" \/>\n<meta name=\"twitter:card\" content=\"summary_large_image\" \/>\n<meta name=\"twitter:label1\" content=\"Gesch\u00e4tzte Lesezeit\" \/>\n\t<meta name=\"twitter:data1\" content=\"2\u00a0Minuten\" \/>\n<script type=\"application\/ld+json\" class=\"yoast-schema-graph\">{\"@context\":\"https:\\\/\\\/schema.org\",\"@graph\":[{\"@type\":\"WebPage\",\"@id\":\"https:\\\/\\\/slotcar-profis.de\\\/index.php\\\/aus-der-werkstatt\\\/\",\"url\":\"https:\\\/\\\/slotcar-profis.de\\\/index.php\\\/aus-der-werkstatt\\\/\",\"name\":\"Aus der Werkstatt - Kraichgauer Modellbau Werkstatt\",\"isPartOf\":{\"@id\":\"https:\\\/\\\/slotcar-profis.de\\\/#website\"},\"primaryImageOfPage\":{\"@id\":\"https:\\\/\\\/slotcar-profis.de\\\/index.php\\\/aus-der-werkstatt\\\/#primaryimage\"},\"image\":{\"@id\":\"https:\\\/\\\/slotcar-profis.de\\\/index.php\\\/aus-der-werkstatt\\\/#primaryimage\"},\"thumbnailUrl\":\"https:\\\/\\\/slotcar-profis.de\\\/wp-content\\\/uploads\\\/2023\\\/06\\\/IMG_2563-1024x576.jpg\",\"datePublished\":\"2023-06-16T14:44:08+00:00\",\"dateModified\":\"2026-04-01T14:31:17+00:00\",\"description\":\"Seit Sommer 2022 gibt es die Kraichgauer Modellbau Werkstatt. Eine Jahrhundertalte Werkstatt erblickte erneut das Licht der Welt.\",\"breadcrumb\":{\"@id\":\"https:\\\/\\\/slotcar-profis.de\\\/index.php\\\/aus-der-werkstatt\\\/#breadcrumb\"},\"inLanguage\":\"de\",\"potentialAction\":[{\"@type\":\"ReadAction\",\"target\":[\"https:\\\/\\\/slotcar-profis.de\\\/index.php\\\/aus-der-werkstatt\\\/\"]}]},{\"@type\":\"ImageObject\",\"inLanguage\":\"de\",\"@id\":\"https:\\\/\\\/slotcar-profis.de\\\/index.php\\\/aus-der-werkstatt\\\/#primaryimage\",\"url\":\"https:\\\/\\\/i0.wp.com\\\/slotcar-profis.de\\\/wp-content\\\/uploads\\\/2023\\\/06\\\/IMG_2563.jpg?fit=1920%2C1080&ssl=1\",\"contentUrl\":\"https:\\\/\\\/i0.wp.com\\\/slotcar-profis.de\\\/wp-content\\\/uploads\\\/2023\\\/06\\\/IMG_2563.jpg?fit=1920%2C1080&ssl=1\",\"width\":1920,\"height\":1080},{\"@type\":\"BreadcrumbList\",\"@id\":\"https:\\\/\\\/slotcar-profis.de\\\/index.php\\\/aus-der-werkstatt\\\/#breadcrumb\",\"itemListElement\":[{\"@type\":\"ListItem\",\"position\":1,\"name\":\"Startseite\",\"item\":\"https:\\\/\\\/slotcar-profis.de\\\/\"},{\"@type\":\"ListItem\",\"position\":2,\"name\":\"Aus der Werkstatt\"}]},{\"@type\":\"WebSite\",\"@id\":\"https:\\\/\\\/slotcar-profis.de\\\/#website\",\"url\":\"https:\\\/\\\/slotcar-profis.de\\\/\",\"name\":\"Kraichgauer Modellbau Werkstatt\",\"description\":\"Modellbau von Slotcar-Begeisterten\",\"publisher\":{\"@id\":\"https:\\\/\\\/slotcar-profis.de\\\/#organization\"},\"potentialAction\":[{\"@type\":\"SearchAction\",\"target\":{\"@type\":\"EntryPoint\",\"urlTemplate\":\"https:\\\/\\\/slotcar-profis.de\\\/?s={search_term_string}\"},\"query-input\":{\"@type\":\"PropertyValueSpecification\",\"valueRequired\":true,\"valueName\":\"search_term_string\"}}],\"inLanguage\":\"de\"},{\"@type\":\"Organization\",\"@id\":\"https:\\\/\\\/slotcar-profis.de\\\/#organization\",\"name\":\"Kraichgauer Modellbau Werkstatt\",\"alternateName\":\"Slotcar Profis\",\"url\":\"https:\\\/\\\/slotcar-profis.de\\\/\",\"logo\":{\"@type\":\"ImageObject\",\"inLanguage\":\"de\",\"@id\":\"https:\\\/\\\/slotcar-profis.de\\\/#\\\/schema\\\/logo\\\/image\\\/\",\"url\":\"https:\\\/\\\/i0.wp.com\\\/slotcar-profis.de\\\/wp-content\\\/uploads\\\/2023\\\/06\\\/Logo_KMW-e1686759596955.png?fit=68%2C70&ssl=1\",\"contentUrl\":\"https:\\\/\\\/i0.wp.com\\\/slotcar-profis.de\\\/wp-content\\\/uploads\\\/2023\\\/06\\\/Logo_KMW-e1686759596955.png?fit=68%2C70&ssl=1\",\"width\":68,\"height\":70,\"caption\":\"Kraichgauer Modellbau Werkstatt\"},\"image\":{\"@id\":\"https:\\\/\\\/slotcar-profis.de\\\/#\\\/schema\\\/logo\\\/image\\\/\"}}]}<\/script>\n<!-- \/ Yoast SEO plugin. -->","yoast_head_json":{"title":"Aus der Werkstatt - Kraichgauer Modellbau Werkstatt","description":"Seit Sommer 2022 gibt es die Kraichgauer Modellbau Werkstatt. Eine Jahrhundertalte Werkstatt erblickte erneut das Licht der Welt.","robots":{"index":"index","follow":"follow","max-snippet":"max-snippet:-1","max-image-preview":"max-image-preview:large","max-video-preview":"max-video-preview:-1"},"canonical":"https:\/\/slotcar-profis.de\/index.php\/aus-der-werkstatt\/","og_locale":"de_DE","og_type":"article","og_title":"Aus der Werkstatt - Kraichgauer Modellbau Werkstatt","og_description":"Seit Sommer 2022 gibt es die Kraichgauer Modellbau Werkstatt. Eine Jahrhundertalte Werkstatt erblickte erneut das Licht der Welt.","og_url":"https:\/\/slotcar-profis.de\/index.php\/aus-der-werkstatt\/","og_site_name":"Kraichgauer Modellbau Werkstatt","article_modified_time":"2026-04-01T14:31:17+00:00","og_image":[{"url":"https:\/\/slotcar-profis.de\/wp-content\/uploads\/2023\/06\/IMG_2563-1024x576.jpg","type":"","width":"","height":""}],"twitter_card":"summary_large_image","twitter_misc":{"Gesch\u00e4tzte Lesezeit":"2\u00a0Minuten"},"schema":{"@context":"https:\/\/schema.org","@graph":[{"@type":"WebPage","@id":"https:\/\/slotcar-profis.de\/index.php\/aus-der-werkstatt\/","url":"https:\/\/slotcar-profis.de\/index.php\/aus-der-werkstatt\/","name":"Aus der Werkstatt - Kraichgauer Modellbau Werkstatt","isPartOf":{"@id":"https:\/\/slotcar-profis.de\/#website"},"primaryImageOfPage":{"@id":"https:\/\/slotcar-profis.de\/index.php\/aus-der-werkstatt\/#primaryimage"},"image":{"@id":"https:\/\/slotcar-profis.de\/index.php\/aus-der-werkstatt\/#primaryimage"},"thumbnailUrl":"https:\/\/slotcar-profis.de\/wp-content\/uploads\/2023\/06\/IMG_2563-1024x576.jpg","datePublished":"2023-06-16T14:44:08+00:00","dateModified":"2026-04-01T14:31:17+00:00","description":"Seit Sommer 2022 gibt es die Kraichgauer Modellbau Werkstatt. Eine Jahrhundertalte Werkstatt erblickte erneut das Licht der Welt.","breadcrumb":{"@id":"https:\/\/slotcar-profis.de\/index.php\/aus-der-werkstatt\/#breadcrumb"},"inLanguage":"de","potentialAction":[{"@type":"ReadAction","target":["https:\/\/slotcar-profis.de\/index.php\/aus-der-werkstatt\/"]}]},{"@type":"ImageObject","inLanguage":"de","@id":"https:\/\/slotcar-profis.de\/index.php\/aus-der-werkstatt\/#primaryimage","url":"https:\/\/i0.wp.com\/slotcar-profis.de\/wp-content\/uploads\/2023\/06\/IMG_2563.jpg?fit=1920%2C1080&ssl=1","contentUrl":"https:\/\/i0.wp.com\/slotcar-profis.de\/wp-content\/uploads\/2023\/06\/IMG_2563.jpg?fit=1920%2C1080&ssl=1","width":1920,"height":1080},{"@type":"BreadcrumbList","@id":"https:\/\/slotcar-profis.de\/index.php\/aus-der-werkstatt\/#breadcrumb","itemListElement":[{"@type":"ListItem","position":1,"name":"Startseite","item":"https:\/\/slotcar-profis.de\/"},{"@type":"ListItem","position":2,"name":"Aus der Werkstatt"}]},{"@type":"WebSite","@id":"https:\/\/slotcar-profis.de\/#website","url":"https:\/\/slotcar-profis.de\/","name":"Kraichgauer Modellbau Werkstatt","description":"Modellbau von Slotcar-Begeisterten","publisher":{"@id":"https:\/\/slotcar-profis.de\/#organization"},"potentialAction":[{"@type":"SearchAction","target":{"@type":"EntryPoint","urlTemplate":"https:\/\/slotcar-profis.de\/?s={search_term_string}"},"query-input":{"@type":"PropertyValueSpecification","valueRequired":true,"valueName":"search_term_string"}}],"inLanguage":"de"},{"@type":"Organization","@id":"https:\/\/slotcar-profis.de\/#organization","name":"Kraichgauer Modellbau Werkstatt","alternateName":"Slotcar Profis","url":"https:\/\/slotcar-profis.de\/","logo":{"@type":"ImageObject","inLanguage":"de","@id":"https:\/\/slotcar-profis.de\/#\/schema\/logo\/image\/","url":"https:\/\/i0.wp.com\/slotcar-profis.de\/wp-content\/uploads\/2023\/06\/Logo_KMW-e1686759596955.png?fit=68%2C70&ssl=1","contentUrl":"https:\/\/i0.wp.com\/slotcar-profis.de\/wp-content\/uploads\/2023\/06\/Logo_KMW-e1686759596955.png?fit=68%2C70&ssl=1","width":68,"height":70,"caption":"Kraichgauer Modellbau Werkstatt"},"image":{"@id":"https:\/\/slotcar-profis.de\/#\/schema\/logo\/image\/"}}]}},"jetpack_sharing_enabled":true,"_links":{"self":[{"href":"https:\/\/slotcar-profis.de\/index.php\/wp-json\/wp\/v2\/pages\/126","targetHints":{"allow":["GET"]}}],"collection":[{"href":"https:\/\/slotcar-profis.de\/index.php\/wp-json\/wp\/v2\/pages"}],"about":[{"href":"https:\/\/slotcar-profis.de\/index.php\/wp-json\/wp\/v2\/types\/page"}],"author":[{"embeddable":true,"href":"https:\/\/slotcar-profis.de\/index.php\/wp-json\/wp\/v2\/users\/1"}],"replies":[{"embeddable":true,"href":"https:\/\/slotcar-profis.de\/index.php\/wp-json\/wp\/v2\/comments?post=126"}],"version-history":[{"count":3,"href":"https:\/\/slotcar-profis.de\/index.php\/wp-json\/wp\/v2\/pages\/126\/revisions"}],"predecessor-version":[{"id":272,"href":"https:\/\/slotcar-profis.de\/index.php\/wp-json\/wp\/v2\/pages\/126\/revisions\/272"}],"wp:attachment":[{"href":"https:\/\/slotcar-profis.de\/index.php\/wp-json\/wp\/v2\/media?parent=126"}],"curies":[{"name":"wp","href":"https:\/\/api.w.org\/{rel}","templated":true}]}}